{"id":4533,"date":"2026-04-28T11:30:51","date_gmt":"2026-04-28T09:30:51","guid":{"rendered":"https:\/\/formations.com3elles.org\/ecowhatdev\/particuliers\/?post_type=product&#038;p=4533"},"modified":"2026-04-28T11:59:53","modified_gmt":"2026-04-28T09:59:53","slug":"hydrosens-douchette-pedagogique-et-lumineuse-76-l-min","status":"publish","type":"product","link":"https:\/\/formations.com3elles.org\/ecowhatdev\/particuliers\/produit\/hydrosens-douchette-pedagogique-et-lumineuse-76-l-min\/","title":{"rendered":"Hydrosens &#8211; Douchette p\u00e9dagogique et lumineuse 7,6 l\/min"},"content":{"rendered":"<p><span style=\"color: #0f6b6b;\"><strong>Remplacez votre pommeau actuel par le pommeau \u00e9cologique &amp; p\u00e9dagogique <\/strong><\/span>et limitez durablement le d\u00e9bit de votre douche \u00e0 7,6 l\/min.<\/p>\n<p><span style=\"color: #0f6b6b;\"><strong>R\u00e9alisez jusqu\u2019\u00e0 70 % d\u2019\u00e9conomies d\u2019eau et d\u2019\u00e9nergie sous la douche <\/strong><\/span>en r\u00e9duisant le d\u00e9bit et le temps de douche\u00a0!<\/p>\n<p>Compatible avec tout type de flexible de douche.<\/p>\n<p><span style=\"color: #0f6b6b;\"><strong>Les + produit\u00a0:<\/strong><\/span><\/p>\n<ul>\n<li><span style=\"color: #6fc8ba;\"><strong>Jusqu\u2019\u00e0 70 % d\u2019\u00e9conomies (eau + \u00e9nergie de chauffe)<\/strong><\/span><\/li>\n<li>Consommation de 7,6 litres par minute (au lieu de 15l\/min)<\/li>\n<li>Affichage de la consommation en litre en temps r\u00e9el<\/li>\n<li>Affichage de la temp\u00e9rature en \u00b0C<\/li>\n<li>Rep\u00e8res lumineux de paliers de consommation (Vert &#8211; Bleu &#8211; Rouge)<\/li>\n<li>Alimentation \u00e9cologique par Dynamo, pas besoin de pile<\/li>\n<li>Design \u00e9l\u00e9gant, \u00e9quip\u00e9 d\u2019une t\u00eate large<\/li>\n<li>Conception robuste (triple couche de chromage)<\/li>\n<\/ul>\n<p><span style=\"color: #6fc8ba;\"><strong>Installation\u00a0:<\/strong><\/span><strong><br \/>\n<\/strong>1. D\u00e9vissez votre ancien pommeau de douche.<br \/>\n2. Ins\u00e9rez le limiteur de d\u00e9bit dans le pommeau (voir notice)<br \/>\n3. Vissez votre nouveau pommeau de douche.<\/p>\n","protected":false},"excerpt":{"rendered":"<p>Votre pommeau \u00e9cologique et p\u00e9dagogique agit sur <span style=\"color: #0f6b6b;\"><strong><span style=\"color: #0f6b6b;\">2 param\u00e8tre<\/span>s<\/strong>:<\/span><\/p>\n<ul>\n<li><span style=\"color: #0f6b6b;\"><strong>R\u00e9duction du d\u00e9bit d\u2019eau \u00e0 7,6 L\/min<\/strong>,<\/span> contre 15 L\/min pour un pommeau \u00ab classique \u00bb: Vous r\u00e9alisez 55% d\u2019\u00e9conomies de mani\u00e8re passive.<\/li>\n<li><span style=\"color: #cbd73e;\"><span style=\"color: #0f6b6b;\"><strong>Incitation \u00e0 la douche courte via rep\u00e8res lumineux<\/strong><\/span>,<\/span> gr\u00e2ce \u00e0 un jeu de LEDs qui s\u2019allument durant son utilisation, et l&rsquo;indicateur de consommation d\u2019eau en temps r\u00e9el: Vous r\u00e9alisez 15% d\u2019\u00e9conomies suppl\u00e9mentaires de mani\u00e8re active.<\/li>\n<\/ul>\n<p>Compatible avec tout type de flexible de douche.<\/p>\n<p>Pour plus d\u2019information, voir la description d\u00e9taill\u00e9e plus bas \ud83d\udc47<\/p>\n","protected":false},"featured_media":4536,"comment_status":"open","ping_status":"closed","template":"","meta":[],"product_brand":[],"product_cat":[101],"product_tag":[115],"class_list":{"0":"post-4533","1":"product","2":"type-product","3":"status-publish","4":"has-post-thumbnail","6":"product_cat-vrac","7":"product_tag-top-produit","9":"first","10":"instock","11":"purchasable","12":"product-type-simple"},"_links":{"self":[{"href":"https:\/\/formations.com3elles.org\/ecowhatdev\/particuliers\/wp-json\/wp\/v2\/product\/4533","targetHints":{"allow":["GET"]}}],"collection":[{"href":"https:\/\/formations.com3elles.org\/ecowhatdev\/particuliers\/wp-json\/wp\/v2\/product"}],"about":[{"href":"https:\/\/formations.com3elles.org\/ecowhatdev\/particuliers\/wp-json\/wp\/v2\/types\/product"}],"replies":[{"embeddable":true,"href":"https:\/\/formations.com3elles.org\/ecowhatdev\/particuliers\/wp-json\/wp\/v2\/comments?post=4533"}],"wp:featuredmedia":[{"embeddable":true,"href":"https:\/\/formations.com3elles.org\/ecowhatdev\/particuliers\/wp-json\/wp\/v2\/media\/4536"}],"wp:attachment":[{"href":"https:\/\/formations.com3elles.org\/ecowhatdev\/particuliers\/wp-json\/wp\/v2\/media?parent=4533"}],"wp:term":[{"taxonomy":"product_brand","embeddable":true,"href":"https:\/\/formations.com3elles.org\/ecowhatdev\/particuliers\/wp-json\/wp\/v2\/product_brand?post=4533"},{"taxonomy":"product_cat","embeddable":true,"href":"https:\/\/formations.com3elles.org\/ecowhatdev\/particuliers\/wp-json\/wp\/v2\/product_cat?post=4533"},{"taxonomy":"product_tag","embeddable":true,"href":"https:\/\/formations.com3elles.org\/ecowhatdev\/particuliers\/wp-json\/wp\/v2\/product_tag?post=4533"}],"curies":[{"name":"wp","href":"https:\/\/api.w.org\/{rel}","templated":true}]}}