{"id":4532,"date":"2026-04-28T11:26:14","date_gmt":"2026-04-28T09:26:14","guid":{"rendered":"https:\/\/formations.com3elles.org\/ecowhatdev\/particuliers\/?post_type=product&#038;p=4532"},"modified":"2026-04-28T12:03:56","modified_gmt":"2026-04-28T10:03:56","slug":"limiteur-de-debit-douche-6l-min","status":"publish","type":"product","link":"https:\/\/formations.com3elles.org\/ecowhatdev\/particuliers\/produit\/limiteur-de-debit-douche-6l-min\/","title":{"rendered":"Limiteur de d\u00e9bit douche 6L\/min"},"content":{"rendered":"<p><strong>Une douche consomme entre 12 et 18L d\u2019eau potable par minute.<\/strong> Ceci est d\u00fb au d\u00e9bit d\u2019eau de votre pommeau de douche.<\/p>\n<p><strong><span style=\"color: #34b256;\">Installer le Limiteur r\u00e9gulateur de d\u00e9bit sur votre flexible de douche permet d\u2019\u00e9conomiser de l&rsquo;eau potable, sans perte de confort ni d\u00e9sagr\u00e9ment.<\/span><\/strong><\/p>\n<p><strong>Comment\u00a0?<\/strong><\/p>\n<p>D\u00e8s installation, le d\u00e9bit de votre douche est limit\u00e9 par le joint torique qui r\u00e9duit le passage de l\u2019eau lorsque la pression augmente. Et lorsque la pression de l\u2019eau diminue, l\u2019effet inverse se produit et le d\u00e9bit de l\u2019eau reste constant.<\/p>\n<p><strong>Votre douche consommera d\u00e9sormais 6L d&rsquo;eau potable par minute!<\/strong><\/p>\n","protected":false},"excerpt":{"rendered":"<p>Limiteur r\u00e9gulateur de d\u00e9bit 6L\/min de douche &#8211; Autor\u00e9gul\u00e9 et universel<\/p>\n<p>Bague en laiton \u00e9quip\u00e9e d\u2019un r\u00e9gulateur avec clapet 2 voies et d\u2019un joint d\u2019\u00e9tanch\u00e9it\u00e9<br \/>\nLimiteur \u00e0 joint torique<br \/>\nPression d&rsquo;utilisation : 2 \u00e0 5 bars<br \/>\nCartouche r\u00e9gulateur en Hostaform (polym\u00e8re plastique)<br \/>\nBague diam\u00e8tre 15&#215;21 standard<br \/>\nD\u00e9bit constant r\u00e9gul\u00e9 \u00e0 6 litres par minute<br \/>\nR\u00e9sistance au tartre et au calcaire<br \/>\nCertifi\u00e9 Attestation de Conformit\u00e9 Sanitaire (ACS)<\/p>\n","protected":false},"featured_media":2859,"comment_status":"open","ping_status":"closed","template":"","meta":[],"product_brand":[],"product_cat":[86,101],"product_tag":[],"class_list":{"0":"post-4532","1":"product","2":"type-product","3":"status-publish","4":"has-post-thumbnail","6":"product_cat-hydro-econome","7":"product_cat-vrac","9":"first","10":"instock","11":"purchasable","12":"product-type-simple"},"_links":{"self":[{"href":"https:\/\/formations.com3elles.org\/ecowhatdev\/particuliers\/wp-json\/wp\/v2\/product\/4532","targetHints":{"allow":["GET"]}}],"collection":[{"href":"https:\/\/formations.com3elles.org\/ecowhatdev\/particuliers\/wp-json\/wp\/v2\/product"}],"about":[{"href":"https:\/\/formations.com3elles.org\/ecowhatdev\/particuliers\/wp-json\/wp\/v2\/types\/product"}],"replies":[{"embeddable":true,"href":"https:\/\/formations.com3elles.org\/ecowhatdev\/particuliers\/wp-json\/wp\/v2\/comments?post=4532"}],"wp:featuredmedia":[{"embeddable":true,"href":"https:\/\/formations.com3elles.org\/ecowhatdev\/particuliers\/wp-json\/wp\/v2\/media\/2859"}],"wp:attachment":[{"href":"https:\/\/formations.com3elles.org\/ecowhatdev\/particuliers\/wp-json\/wp\/v2\/media?parent=4532"}],"wp:term":[{"taxonomy":"product_brand","embeddable":true,"href":"https:\/\/formations.com3elles.org\/ecowhatdev\/particuliers\/wp-json\/wp\/v2\/product_brand?post=4532"},{"taxonomy":"product_cat","embeddable":true,"href":"https:\/\/formations.com3elles.org\/ecowhatdev\/particuliers\/wp-json\/wp\/v2\/product_cat?post=4532"},{"taxonomy":"product_tag","embeddable":true,"href":"https:\/\/formations.com3elles.org\/ecowhatdev\/particuliers\/wp-json\/wp\/v2\/product_tag?post=4532"}],"curies":[{"name":"wp","href":"https:\/\/api.w.org\/{rel}","templated":true}]}}