{"id":3803,"date":"2024-12-11T11:59:29","date_gmt":"2024-12-11T10:59:29","guid":{"rendered":"https:\/\/formations.com3elles.org\/ecowhatdev\/particuliers\/?post_type=product&#038;p=3803"},"modified":"2025-05-06T07:25:38","modified_gmt":"2025-05-06T05:25:38","slug":"sablier-de-douche-5-minutes","status":"publish","type":"product","link":"https:\/\/formations.com3elles.org\/ecowhatdev\/particuliers\/produit\/sablier-de-douche-5-minutes\/","title":{"rendered":"Sablier de douche 5 minutes"},"content":{"rendered":"<p>La solution simple et efficace pour vous inciter \u00e0 la douche courte, en douceur!<\/p>\n<p>R\u00e9alisez 15 \u00e0 25% d\u2019\u00e9conomies d\u2019eau et d\u2019\u00e9nergie suppl\u00e9mentaire sous la douche, de mani\u00e8re active, gr\u00e2ce \u00e0 ce rep\u00e8re temporel.<\/p>\n<p>\u00c9quip\u00e9 d\u2019une ventouse souple et large pour une fixation id\u00e9ale, et d\u2019un syst\u00e8me rotatif au raccord ventouse-sablier, fixez le sur le mur de votre douche, et renversez-le durant l\u2019utilisation de l\u2019eau (hors temps de<br \/>\nsavonnage).<\/p>\n<p>Objectif \u00e0 atteindre: Le douche doit \u00eatre termin\u00e9e \u00e0 la fin du temps \u00e9coul\u00e9!<\/p>\n<p><span style=\"color: #008080;\"><strong>Les + produit<\/strong><\/span><\/p>\n<ul>\n<li>Sablier de douche de dur\u00e9e 5 minutes<\/li>\n<li>Avec ventouse amovible<\/li>\n<li>T\u00eate rotative au raccord ventouse-sablier<\/li>\n<li>Fabriqu\u00e9 en bois, PE, silicone et sable<\/li>\n<li>Id\u00e9al pour un d\u00e9fit douche courte<\/li>\n<li>Id\u00e9al en compl\u00e9ment des R\u00e9f. B1 B3 B5 ou B6!<\/li>\n<\/ul>\n<p><span style=\"color: #339966;\">\u00a0<strong>Installation<\/strong><\/span><\/p>\n<p>1. Nettoyez la surface sur lequel vous souhaitez le mettre<br \/>\n2. Appuyer l\u00e9g\u00e8rement la ventouse contre la paroi<\/p>\n<p><span style=\"color: #99cc00;\"><strong>Caract\u00e9ristiques techniques:<\/strong><\/span><\/p>\n<p>\u00c9quipement non subventionn\u00e9 &#8211; Fourni complet avec ventouse et raccord<br \/>\nCaract\u00e9ristiques techniques: Sablier de douche de dur\u00e9e 5 minutes &#8211; Fabriqu\u00e9 en bois, PE, silicone et sable &#8211; \u00e0 t\u00eate rotative, avec ventouse amovible en silicone pour accroche murale simple. Certifications: CE. Garantie fournisseur: 2 ans<\/p>\n","protected":false},"excerpt":{"rendered":"<p>La solution simple et efficace pour vous inciter \u00e0 la douche courte, en douceur!<\/p>\n<p>R\u00e9alisez 15 \u00e0 25% d\u2019\u00e9conomies d\u2019eau et d\u2019\u00e9nergie suppl\u00e9mentaire sous la douche, de mani\u00e8re active, gr\u00e2ce \u00e0 ce rep\u00e8re temporel.<\/p>\n<p>\u00c9quip\u00e9 d\u2019une ventouse souple et large pour une fixation id\u00e9ale, et d\u2019un syst\u00e8me rotatif au raccord ventouse-sablier, fixez le sur le mur de votre douche, et renversez-le durant l\u2019utilisation de l\u2019eau (hors temps de<br \/>\nsavonnage).<\/p>\n<p>Objectif \u00e0 atteindre: Le douche doit \u00eatre termin\u00e9e \u00e0 la fin du temps \u00e9coul\u00e9!<\/p>\n<p><span style=\"color: #008080;\"><strong>Les + produit<\/strong><\/span><\/p>\n<ul>\n<li>Sablier de douche de dur\u00e9e 5 minutes<\/li>\n<li>Avec ventouse amovible<\/li>\n<li>T\u00eate rotative au raccord ventouse-sablier<\/li>\n<li>Fabriqu\u00e9 en bois, PE, silicone et sable<\/li>\n<li>Id\u00e9al pour un d\u00e9fit douche courte<\/li>\n<li>Id\u00e9al en compl\u00e9ment des R\u00e9f. B1 B3 B5 ou B6!<\/li>\n<\/ul>\n","protected":false},"featured_media":3804,"comment_status":"open","ping_status":"closed","template":"","meta":[],"product_brand":[],"product_cat":[86,101],"product_tag":[],"class_list":{"0":"post-3803","1":"product","2":"type-product","3":"status-publish","4":"has-post-thumbnail","6":"product_cat-hydro-econome","7":"product_cat-vrac","9":"first","10":"instock","11":"sale","12":"purchasable","13":"product-type-simple"},"_links":{"self":[{"href":"https:\/\/formations.com3elles.org\/ecowhatdev\/particuliers\/wp-json\/wp\/v2\/product\/3803","targetHints":{"allow":["GET"]}}],"collection":[{"href":"https:\/\/formations.com3elles.org\/ecowhatdev\/particuliers\/wp-json\/wp\/v2\/product"}],"about":[{"href":"https:\/\/formations.com3elles.org\/ecowhatdev\/particuliers\/wp-json\/wp\/v2\/types\/product"}],"replies":[{"embeddable":true,"href":"https:\/\/formations.com3elles.org\/ecowhatdev\/particuliers\/wp-json\/wp\/v2\/comments?post=3803"}],"wp:featuredmedia":[{"embeddable":true,"href":"https:\/\/formations.com3elles.org\/ecowhatdev\/particuliers\/wp-json\/wp\/v2\/media\/3804"}],"wp:attachment":[{"href":"https:\/\/formations.com3elles.org\/ecowhatdev\/particuliers\/wp-json\/wp\/v2\/media?parent=3803"}],"wp:term":[{"taxonomy":"product_brand","embeddable":true,"href":"https:\/\/formations.com3elles.org\/ecowhatdev\/particuliers\/wp-json\/wp\/v2\/product_brand?post=3803"},{"taxonomy":"product_cat","embeddable":true,"href":"https:\/\/formations.com3elles.org\/ecowhatdev\/particuliers\/wp-json\/wp\/v2\/product_cat?post=3803"},{"taxonomy":"product_tag","embeddable":true,"href":"https:\/\/formations.com3elles.org\/ecowhatdev\/particuliers\/wp-json\/wp\/v2\/product_tag?post=3803"}],"curies":[{"name":"wp","href":"https:\/\/api.w.org\/{rel}","templated":true}]}}