{"id":3798,"date":"2024-12-10T16:58:18","date_gmt":"2024-12-10T15:58:18","guid":{"rendered":"https:\/\/formations.com3elles.org\/ecowhatdev\/particuliers\/?post_type=product&#038;p=3798"},"modified":"2024-12-11T11:44:40","modified_gmt":"2024-12-11T10:44:40","slug":"rotule-orientable-avec-flexible-et-multi-jet-5-l-min-cuisine","status":"publish","type":"product","link":"https:\/\/formations.com3elles.org\/ecowhatdev\/particuliers\/produit\/rotule-orientable-avec-flexible-et-multi-jet-5-l-min-cuisine\/","title":{"rendered":"R\u00e9gulateur de d\u00e9bit orientable avec flexible et multi-jet 5 l\/min"},"content":{"rendered":"<p><span style=\"color: #008080;\"><strong>Les + produit<\/strong><\/span><strong><br \/>\n<\/strong><\/p>\n<ul>\n<li>50% d\u2019\u00e9conomies (eau + \u00e9nergie )<\/li>\n<li>Multi Jet : a\u00e9r\u00e9; aiguille<\/li>\n<li>Rotule flexible ABS qui permet d\u2019orienter le jet d\u2019eau dans l\u2019\u00e9vier.<\/li>\n<li>Design chrom\u00e9 et contemporain.<\/li>\n<li>Avec syst\u00e8me anticalcaire int\u00e9gr\u00e9<\/li>\n<\/ul>\n<p><span style=\"color: #339966;\"><strong>Installation<\/strong><\/span><strong><br \/>\n<\/strong>1. D\u00e9vissez\u00a0la bague\u00a0de votre robinet.<br \/>\n2. Vissez la rotule rotative \u00e0 la place de l&rsquo;ancienne bague.<br \/>\n3. Testez l&rsquo;installation en augmentant faisant pivoter la rotule.<\/p>\n<p><span style=\"color: #99cc00;\"><strong>Nos conseils<\/strong><\/span><strong><br \/>\n<\/strong>&#8211; Pour assurer une plus grande dur\u00e9e d\u2019utilisation,\u00a0<strong>nettoyez\u00a0votre dispositif 1 fois tous les ans <\/strong>en enlevant les d\u00e9p\u00f4ts (tartre et calcaire) qui se situent au-dessus du r\u00e9gulateur. Vous pouvez aussi le plonger enti\u00e8rement dans du vinaigre blanc pendant une heure.<\/p>\n<p>Produit limite \u00e0 5 unit\u00e9s\/foyer &#8211; Fourni avec joint d\u2019\u00e9tanch\u00e9it\u00e9, mod\u00e8le M\u00e2le ou Femelle.<\/p>\n<p><strong><span style=\"color: #33cccc;\">Caract\u00e9ristiques techniques<\/span><br \/>\n<\/strong>Compatibilit\u00e9 universelle, insertion facile dans tous les embouts ronds standards &#8211; D\u00e9bit (entre 0,8 et 5 Bar): 5,68 L\/min &#8211; Pression minimale requise: 0,8 bars en sortie de robinet<\/p>\n","protected":false},"excerpt":{"rendered":"<p>Vous souhaitez transformer vos robinets en robinets rotatifs ?<\/p>\n<p>Install\u00e9e \u00e0 l\u2019embout de votre robinet, la rotule orientable Rotulo agit sur 2 param\u00e8tres:<\/p>\n<ul>\n<li>R\u00e9duction du d\u00e9bit d\u2019eau \u00e0 5,68 L\/min (contre 12 L\/min en moy., sans syst\u00e8me limiteur de d\u00e9bit). Vous r\u00e9alisez 52,6% d\u2019\u00e9conomies d\u2019eau et d\u2019\u00e9nergie au robinet de mani\u00e8re passive.<\/li>\n<li>Orientation du jet d\u2019eau gr\u00e2ce \u00e0 sa rotule! Orientez l\u2019embout pour une meilleure pr\u00e9cision, vous gagnez en confort et r\u00e9alisez davantage d\u2019\u00e9conomies.<\/li>\n<li>Multi jet, le rotulo poss\u00e8de deux type de jet r\u00e9glables : a\u00e9r\u00e9 ou aiguille<\/li>\n<\/ul>\n<p>Vissez simplement un Rotulo, son mousseur r\u00e9ducteur de d\u00e9bit int\u00e9gr\u00e9, et son joint d\u2019\u00e9tanch\u00e9it\u00e9 \u00e0 l\u2019embout de votre robinet.<\/p>\n<p><span style=\"color: #008080;\"><strong>Les + produit<\/strong><\/span><strong><br \/>\n<\/strong><\/p>\n<ul>\n<li>50% d\u2019\u00e9conomies (eau + \u00e9nergie )<\/li>\n<li>Multi Jet : a\u00e9r\u00e9; aiguille<\/li>\n<li>Rotule flexible ABS qui permet d\u2019orienter le jet d\u2019eau dans l\u2019\u00e9vier.<\/li>\n<li>Design chrom\u00e9 et contemporain.<\/li>\n<li>Avec syst\u00e8me anticalcaire int\u00e9gr\u00e9<\/li>\n<\/ul>\n<p>Conseill\u00e9 pour la robinetterie de cuisine.<\/p>\n<p>Pour plus d\u2019information, voir la description d\u00e9taill\u00e9e plus bas \ud83d\udc47<\/p>\n","protected":false},"featured_media":3799,"comment_status":"open","ping_status":"closed","template":"","meta":[],"product_brand":[],"product_cat":[86,101],"product_tag":[89,87,70,71,88],"class_list":{"0":"post-3798","1":"product","2":"type-product","3":"status-publish","4":"has-post-thumbnail","6":"product_cat-hydro-econome","7":"product_cat-vrac","8":"product_tag-cuisine","9":"product_tag-hydro-econome","10":"product_tag-limiteur-de-debit","11":"product_tag-mousseur","12":"product_tag-robinet","14":"first","15":"instock","16":"purchasable","17":"product-type-simple"},"_links":{"self":[{"href":"https:\/\/formations.com3elles.org\/ecowhatdev\/particuliers\/wp-json\/wp\/v2\/product\/3798","targetHints":{"allow":["GET"]}}],"collection":[{"href":"https:\/\/formations.com3elles.org\/ecowhatdev\/particuliers\/wp-json\/wp\/v2\/product"}],"about":[{"href":"https:\/\/formations.com3elles.org\/ecowhatdev\/particuliers\/wp-json\/wp\/v2\/types\/product"}],"replies":[{"embeddable":true,"href":"https:\/\/formations.com3elles.org\/ecowhatdev\/particuliers\/wp-json\/wp\/v2\/comments?post=3798"}],"wp:featuredmedia":[{"embeddable":true,"href":"https:\/\/formations.com3elles.org\/ecowhatdev\/particuliers\/wp-json\/wp\/v2\/media\/3799"}],"wp:attachment":[{"href":"https:\/\/formations.com3elles.org\/ecowhatdev\/particuliers\/wp-json\/wp\/v2\/media?parent=3798"}],"wp:term":[{"taxonomy":"product_brand","embeddable":true,"href":"https:\/\/formations.com3elles.org\/ecowhatdev\/particuliers\/wp-json\/wp\/v2\/product_brand?post=3798"},{"taxonomy":"product_cat","embeddable":true,"href":"https:\/\/formations.com3elles.org\/ecowhatdev\/particuliers\/wp-json\/wp\/v2\/product_cat?post=3798"},{"taxonomy":"product_tag","embeddable":true,"href":"https:\/\/formations.com3elles.org\/ecowhatdev\/particuliers\/wp-json\/wp\/v2\/product_tag?post=3798"}],"curies":[{"name":"wp","href":"https:\/\/api.w.org\/{rel}","templated":true}]}}