{"id":2995,"date":"2022-10-15T08:25:34","date_gmt":"2022-10-15T06:25:34","guid":{"rendered":"https:\/\/formations.com3elles.org\/ecowhatdev\/particuliers\/?post_type=product&#038;p=2995"},"modified":"2026-04-28T12:05:45","modified_gmt":"2026-04-28T10:05:45","slug":"douchette-hydro-econome-8-l-min","status":"publish","type":"product","link":"https:\/\/formations.com3elles.org\/ecowhatdev\/particuliers\/produit\/douchette-hydro-econome-8-l-min\/","title":{"rendered":"EcoFlow &#8211; Douchette hydro-\u00e9conome 7,6 l\/min"},"content":{"rendered":"<p><span style=\"color: #49a0b1;\"><strong>Remplacez votre pommeau actuel par le pommeau hydro \u00e9conome <\/strong><\/span>et limitez durablement le d\u00e9bit de votre douche \u00e0 7,6 l\/min.<\/p>\n<p><span style=\"color: #49a0b1;\"><strong>R\u00e9alisez jusqu\u2019\u00e0 50 % d\u2019\u00e9conomies d\u2019eau et d\u2019\u00e9nergie sous la douche <\/strong><\/span>de mani\u00e8re passive, en r\u00e9duisant le d\u00e9bit d\u2019eau de votre douche \u00e0 7,6 L\/min (contre 15 L\/min en moy.)<\/p>\n<p>Compatible avec tout type de flexible de douche.<\/p>\n<p><span style=\"color: #008080;\"><strong>Les + produit<\/strong><\/span><\/p>\n<ul>\n<li>Jusqu\u2019\u00e0 50 % d\u2019\u00e9conomies (eau + \u00e9nergie de chauffe)<\/li>\n<li>Jusqu&rsquo;\u00e0<strong> 100 \u20ac<\/strong> d&rsquo;\u00e9conomie annuelle<\/li>\n<li>Dispose de 3 jets conforts (pluie, massage, mixte)<\/li>\n<\/ul>\n<p><span style=\"color: #82c55b;\"><strong>Installation<\/strong><\/span><\/p>\n<p>1. D\u00e9vissez votre ancien pommeau de douche.<br \/>\n2. Vissez votre nouveau pommeau de douche.<\/p>\n<p><span style=\"color: #cbd73e;\"><strong>Caract\u00e9ristiques techniques:<\/strong><\/span><\/p>\n<p>Compatibilit\u00e9 universelle (filetage 15x21mm) vissage facile sur tous les flexibles (standard 1\/2) &#8211; D\u00e9bit (entre 2,5 et 5 Bar): 7,6 L\/min &#8211; Pression minimale requise: 0,8 bars en sortie de robinet &#8211; Dimensions: L 238 x \u00d8 93 mm &#8211; Poids: 141,00 g &#8211; Certifications: WaterSense, ACS, et CE &#8211; Garantie fournisseur: 2 ans<\/p>\n","protected":false},"excerpt":{"rendered":"<p><strong>Remplacez votre pommeau actuel par le pommeau hydro \u00e9conome <\/strong>et limitez durablement le d\u00e9bit de votre douche \u00e0 7,6 l\/min.<\/p>\n<p><strong>50 % d\u2019\u00e9conomies d\u2019eau et d\u2019\u00e9nergie sous la douche <\/strong>de mani\u00e8re passive, en r\u00e9duisant le d\u00e9bit d\u2019eau de votre douche \u00e0 7,6 L\/min (contre 15 L\/min en moy.)<\/p>\n<p>Compatible avec tout type de flexible de douche.<\/p>\n<p>Pour plus d\u2019information, voir la description d\u00e9taill\u00e9e plus bas \ud83d\udc47<\/p>\n","protected":false},"featured_media":2996,"comment_status":"open","ping_status":"closed","template":"","meta":[],"product_brand":[],"product_cat":[86,101],"product_tag":[],"class_list":{"0":"post-2995","1":"product","2":"type-product","3":"status-publish","4":"has-post-thumbnail","6":"product_cat-hydro-econome","7":"product_cat-vrac","9":"first","10":"instock","11":"purchasable","12":"product-type-simple"},"_links":{"self":[{"href":"https:\/\/formations.com3elles.org\/ecowhatdev\/particuliers\/wp-json\/wp\/v2\/product\/2995","targetHints":{"allow":["GET"]}}],"collection":[{"href":"https:\/\/formations.com3elles.org\/ecowhatdev\/particuliers\/wp-json\/wp\/v2\/product"}],"about":[{"href":"https:\/\/formations.com3elles.org\/ecowhatdev\/particuliers\/wp-json\/wp\/v2\/types\/product"}],"replies":[{"embeddable":true,"href":"https:\/\/formations.com3elles.org\/ecowhatdev\/particuliers\/wp-json\/wp\/v2\/comments?post=2995"}],"wp:featuredmedia":[{"embeddable":true,"href":"https:\/\/formations.com3elles.org\/ecowhatdev\/particuliers\/wp-json\/wp\/v2\/media\/2996"}],"wp:attachment":[{"href":"https:\/\/formations.com3elles.org\/ecowhatdev\/particuliers\/wp-json\/wp\/v2\/media?parent=2995"}],"wp:term":[{"taxonomy":"product_brand","embeddable":true,"href":"https:\/\/formations.com3elles.org\/ecowhatdev\/particuliers\/wp-json\/wp\/v2\/product_brand?post=2995"},{"taxonomy":"product_cat","embeddable":true,"href":"https:\/\/formations.com3elles.org\/ecowhatdev\/particuliers\/wp-json\/wp\/v2\/product_cat?post=2995"},{"taxonomy":"product_tag","embeddable":true,"href":"https:\/\/formations.com3elles.org\/ecowhatdev\/particuliers\/wp-json\/wp\/v2\/product_tag?post=2995"}],"curies":[{"name":"wp","href":"https:\/\/api.w.org\/{rel}","templated":true}]}}