{"id":2925,"date":"2022-06-03T15:30:18","date_gmt":"2022-06-03T13:30:18","guid":{"rendered":"https:\/\/formations.com3elles.org\/ecowhatdev\/particuliers\/?post_type=product&#038;p=2925"},"modified":"2026-04-28T12:10:19","modified_gmt":"2026-04-28T10:10:19","slug":"otouch-stop-controle-deau","status":"publish","type":"product","link":"https:\/\/formations.com3elles.org\/ecowhatdev\/particuliers\/produit\/otouch-stop-controle-deau\/","title":{"rendered":"O&rsquo;Touch &#038; Stop &#8211; Contr\u00f4le d&rsquo;eau"},"content":{"rendered":"<p>Le contr\u00f4le automatique de robinet <em>O&rsquo;Touch<\/em>, est une vraie \u00a0r\u00e9volution : \u00e9conomique, \u00e9cologique et hygi\u00e9nique. Son fonctionnement favorise une \u00e9conomie d&rsquo;eau et d&rsquo;\u00e9nergie, et sa fermeture automatis\u00e9e permet hygi\u00e8ne et confort. Il est reconnu comme\u00a0<strong><em>le meilleur \u00e9conomiseur d&rsquo;eau au monde !<\/em><\/strong><\/p>\n<p><strong>O&rsquo;touch convient pour 98% des robinets , M\u00e2le 24 ou Femelle 22 . assurez vous que vous n&rsquo;avez pas de robinets \u00ab\u00a0sp\u00e9ciaux \u00a0\u00bb type 18 ( petit ) ou 28 ( baignoire) sur votre \u00e9vier. <\/strong><\/p>\n<p><strong>Les + produit<br \/>\n<\/strong>&#8211; Jusqu\u2019\u00e0 90% d&rsquo;\u00e9conomie d&rsquo;eau et d&rsquo;\u00e9nergie\u00a0qui la chauffe ( \u00e9limine les temps de pause) .<br \/>\n&#8211; Consommation moyenne de\u00a05 litres d&rsquo;eau par minute\u00a0contre 12 \u00e0 20 litres pour un a\u00e9rateur classique.<br \/>\n&#8211; Poussez, l&rsquo;eau coule, poussez encore, l&rsquo;eau s&rsquo;arr\u00eate.<br \/>\n&#8211; Meilleure r\u00e9sistance au\u00a0tartre et au calcaire, certifi\u00e9\u00a0ACS.<br \/>\n&#8211; Il transforme votre robinet en robinet automatique, beaucoup plus confortable.<\/p>\n<p><strong>Installation<br \/>\n<\/strong>1. D\u00e9visser\u00a0la bague\u00a0de votre robinet.<br \/>\n2. Visser le r\u00e9gulateur <em>O&rsquo;Touch<\/em>\u00a0\u00e0 la place de l&rsquo;ancien mousseur.<br \/>\n3. Tester l&rsquo;installation\u00a0en augmentant le d\u00e9bit au fur et \u00e0 mesure, et en\u00a0effectuant une pression sous le O&rsquo;Touch\u00a0pour contr\u00f4ler l&rsquo;\u00e9coulement de l&rsquo;eau.<\/p>\n<p><strong>Nos conseils<br \/>\n<\/strong>&#8211; Pour assurer une plus grande dur\u00e9e d\u2019utilisation,\u00a0<strong>nettoyez\u00a0votre dispositif 1 fois tous les ans <\/strong>en enlevant les d\u00e9p\u00f4ts (tartre et calcaire) qui se situent au dessus du r\u00e9gulateur.<\/p>\n","protected":false},"excerpt":{"rendered":"<p><em>Le contr\u00f4le automatique de robinet O&rsquo;Touch, est une vraie \u00a0r\u00e9volution : \u00e9conomique, \u00e9cologique et hygi\u00e9nique. Son fonctionnement favorise une \u00e9conomie d&rsquo;eau et d&rsquo;\u00e9nergie, et sa fermeture automatis\u00e9e permet hygi\u00e8ne et confort. Il est reconnu comme\u00a0<strong>le meilleur \u00e9conomiseur d&rsquo;eau au monde !<\/strong><\/em><\/p>\n<p>Le O&rsquo;Touch est \u00e9quip\u00e9 d&rsquo;un mousseur d&rsquo;eau qui r\u00e9duit le d\u00e9bit \u00e0 5l\/min contre 12l\/min pour un mousseur classique.<\/p>\n<p>Pour r\u00e9aliser jusqu&rsquo;\u00e0 90% d&rsquo;\u00e9conomie d&rsquo;eau et d&rsquo;\u00e9nergie qui la chauffe (\u00e9limine les temps de pause).<\/p>\n","protected":false},"featured_media":2926,"comment_status":"open","ping_status":"closed","template":"","meta":[],"product_brand":[],"product_cat":[86,101],"product_tag":[89,87,70,71,88],"class_list":{"0":"post-2925","1":"product","2":"type-product","3":"status-publish","4":"has-post-thumbnail","6":"product_cat-hydro-econome","7":"product_cat-vrac","8":"product_tag-cuisine","9":"product_tag-hydro-econome","10":"product_tag-limiteur-de-debit","11":"product_tag-mousseur","12":"product_tag-robinet","14":"first","15":"instock","16":"purchasable","17":"product-type-simple"},"_links":{"self":[{"href":"https:\/\/formations.com3elles.org\/ecowhatdev\/particuliers\/wp-json\/wp\/v2\/product\/2925","targetHints":{"allow":["GET"]}}],"collection":[{"href":"https:\/\/formations.com3elles.org\/ecowhatdev\/particuliers\/wp-json\/wp\/v2\/product"}],"about":[{"href":"https:\/\/formations.com3elles.org\/ecowhatdev\/particuliers\/wp-json\/wp\/v2\/types\/product"}],"replies":[{"embeddable":true,"href":"https:\/\/formations.com3elles.org\/ecowhatdev\/particuliers\/wp-json\/wp\/v2\/comments?post=2925"}],"wp:featuredmedia":[{"embeddable":true,"href":"https:\/\/formations.com3elles.org\/ecowhatdev\/particuliers\/wp-json\/wp\/v2\/media\/2926"}],"wp:attachment":[{"href":"https:\/\/formations.com3elles.org\/ecowhatdev\/particuliers\/wp-json\/wp\/v2\/media?parent=2925"}],"wp:term":[{"taxonomy":"product_brand","embeddable":true,"href":"https:\/\/formations.com3elles.org\/ecowhatdev\/particuliers\/wp-json\/wp\/v2\/product_brand?post=2925"},{"taxonomy":"product_cat","embeddable":true,"href":"https:\/\/formations.com3elles.org\/ecowhatdev\/particuliers\/wp-json\/wp\/v2\/product_cat?post=2925"},{"taxonomy":"product_tag","embeddable":true,"href":"https:\/\/formations.com3elles.org\/ecowhatdev\/particuliers\/wp-json\/wp\/v2\/product_tag?post=2925"}],"curies":[{"name":"wp","href":"https:\/\/api.w.org\/{rel}","templated":true}]}}