{"id":2842,"date":"2022-03-31T09:38:19","date_gmt":"2022-03-31T07:38:19","guid":{"rendered":"https:\/\/formations.com3elles.org\/ecowhatdev\/particuliers\/?post_type=product&#038;p=2842"},"modified":"2026-03-05T21:49:58","modified_gmt":"2026-03-05T20:49:58","slug":"mousseur-autoregule-2l-min","status":"publish","type":"product","link":"https:\/\/formations.com3elles.org\/ecowhatdev\/particuliers\/produit\/mousseur-autoregule-2l-min\/","title":{"rendered":"A\u00e9rateur Spray &#8211; Salle de bain (2l\/min)"},"content":{"rendered":"<p><span style=\"color: #339966;\"><b>Mod\u00e8le SDB: 85 % d\u2019\u00e9conomies d\u2019eau et d\u2019\u00e9nergie au robinet <\/b><\/span>de mani\u00e8re passive, en r\u00e9duisant le d\u00e9bit d\u2019eau \u00e0 2 L\/min<\/p>\n<p><strong>Un ro<\/strong><strong>binet standard consomme en moyenne 12 \u00e0 15 L d\u2019eau potable par minute!<\/strong><\/p>\n<p>Ceci est d\u00fb au d\u00e9bit d\u2019eau qui s\u2019\u00e9coule de vos robinetteries.<\/p>\n<p><span style=\"color: #339966;\"><strong>Installer les limiteurs de d\u00e9bit \u00e0 jet aiguille, permet d\u2019\u00e9conomiser l\u2019eau potable \u00e0 la sortie de vos robinets, sans perte de confort. <\/strong><\/span><\/p>\n<p><strong>Vos robinets consommeront d\u00e9sormais\u00a0 2L d&rsquo;eau potable par minute !<\/strong><\/p>\n","protected":false},"excerpt":{"rendered":"<p>Spray limiteur de d\u00e9bit 2L\/min pour robinet &#8211; universel (type F22\/M24)<\/p>\n<p>Standard et universel<br \/>\nId\u00e9al pour le robinet de cuisine et de salle de bain<br \/>\nD\u00e9bit autor\u00e9gul\u00e9 (constant) de 2L\/min<br \/>\nPression d&rsquo;utilisation : 1,4 \u00e0 5,5 bars<br \/>\nR\u00e9sistance au tartre et au calcaire<br \/>\nCertifi\u00e9 Attestation de Conformit\u00e9 Sanitaire (ACS)<br \/>\nCertifi\u00e9 EPA WaterSense<\/p>\n","protected":false},"featured_media":3792,"comment_status":"open","ping_status":"closed","template":"","meta":[],"product_brand":[],"product_cat":[86,101],"product_tag":[89,87,70,71,88],"class_list":{"0":"post-2842","1":"product","2":"type-product","3":"status-publish","4":"has-post-thumbnail","6":"product_cat-hydro-econome","7":"product_cat-vrac","8":"product_tag-cuisine","9":"product_tag-hydro-econome","10":"product_tag-limiteur-de-debit","11":"product_tag-mousseur","12":"product_tag-robinet","14":"first","15":"instock","16":"sale","17":"purchasable","18":"product-type-simple"},"_links":{"self":[{"href":"https:\/\/formations.com3elles.org\/ecowhatdev\/particuliers\/wp-json\/wp\/v2\/product\/2842","targetHints":{"allow":["GET"]}}],"collection":[{"href":"https:\/\/formations.com3elles.org\/ecowhatdev\/particuliers\/wp-json\/wp\/v2\/product"}],"about":[{"href":"https:\/\/formations.com3elles.org\/ecowhatdev\/particuliers\/wp-json\/wp\/v2\/types\/product"}],"replies":[{"embeddable":true,"href":"https:\/\/formations.com3elles.org\/ecowhatdev\/particuliers\/wp-json\/wp\/v2\/comments?post=2842"}],"wp:featuredmedia":[{"embeddable":true,"href":"https:\/\/formations.com3elles.org\/ecowhatdev\/particuliers\/wp-json\/wp\/v2\/media\/3792"}],"wp:attachment":[{"href":"https:\/\/formations.com3elles.org\/ecowhatdev\/particuliers\/wp-json\/wp\/v2\/media?parent=2842"}],"wp:term":[{"taxonomy":"product_brand","embeddable":true,"href":"https:\/\/formations.com3elles.org\/ecowhatdev\/particuliers\/wp-json\/wp\/v2\/product_brand?post=2842"},{"taxonomy":"product_cat","embeddable":true,"href":"https:\/\/formations.com3elles.org\/ecowhatdev\/particuliers\/wp-json\/wp\/v2\/product_cat?post=2842"},{"taxonomy":"product_tag","embeddable":true,"href":"https:\/\/formations.com3elles.org\/ecowhatdev\/particuliers\/wp-json\/wp\/v2\/product_tag?post=2842"}],"curies":[{"name":"wp","href":"https:\/\/api.w.org\/{rel}","templated":true}]}}