{"id":1582,"date":"2019-08-26T14:02:29","date_gmt":"2019-08-26T14:02:29","guid":{"rendered":"https:\/\/formations.com3elles.org\/ecowhatdev\/particuliers\/?post_type=product&#038;p=1582"},"modified":"2026-04-28T12:09:37","modified_gmt":"2026-04-28T10:09:37","slug":"eco-sac-w-c-reducteur-de-debit-2l","status":"publish","type":"product","link":"https:\/\/formations.com3elles.org\/ecowhatdev\/particuliers\/produit\/eco-sac-w-c-reducteur-de-debit-2l\/","title":{"rendered":"Eco Sac W.C 2L"},"content":{"rendered":"<p><strong>Une chasse d\u2019eau \u00e0 simple poussoir consomme entre 9 \u00e0 15 L d\u2019eau par chasse d\u2019eau tir\u00e9e, selon le mod\u00e8le. Une chasse d\u2019eau \u00e0 double poussoir consomme 6 \u00e0 9 L d\u2019eau par chasse d\u2019eau tir\u00e9e, selon le bouton actionn\u00e9.<\/strong><\/p>\n<p><strong>En moyenne, un fran\u00e7ais tire 4 fois la chasse d\u2019eau quotidiennement. Je vous laisse faire le calcul de l\u2019eau potable utilis\u00e9e au sein de votre foyer\u00a0!<\/strong><\/p>\n<p><span style=\"color: #34b256;\"><strong>En installant le Sac r\u00e9ducteur de d\u00e9bit de votre WhatBox dans vos W.C., vous \u00e9conomiserez efficacement et durablement de l\u2019eau potable, et cela, sans perte de confort ni d\u00e9sagr\u00e9ment pour votre plomberie.<\/strong><\/span><\/p>\n<p><strong>Comment\u00a0?<\/strong><\/p>\n<p>Ce bon vieil Archim\u00e8de a encore frapp\u00e9\u00a0! Le m\u00e9canisme d\u2019une chasse d\u2019eau est relativement simple. Le niveau d\u2019eau maximal du r\u00e9servoir est limit\u00e9 par un flotteur interne. Immerger votre Sac r\u00e9ducteur de d\u00e9bit dans votre chasse d\u2019eau en le suspendant \u00e0 la paroi permet de \u00ab\u00a0tromper\u00a0\u00bb le flotteur.<\/p>\n<p><strong>Vous \u00e9conomiserez 2 Litres \u00e0 chaque chasse d\u2019eau tir\u00e9e. Eur\u00e9ka\u00a0!<\/strong><\/p>\n","protected":false},"excerpt":{"rendered":"<p>Sac r\u00e9ducteur de d\u00e9bit pour W.C. \u2013 2L sauv\u00e9s par chasse d\u2019eau tir\u00e9e<\/p>\n<p>Compatible chasse d\u2019eau simple, et chasse d\u2019eau double 6\/9L<br \/>\nD\u00e9conseill\u00e9 pour toilettes r\u00e9centes 3\/6L<\/p>\n<p>Imputrescible<br \/>\nAnti \u00e9vaporation<br \/>\nSuspente paroi<br \/>\nProduit r\u00e9sistant aux bact\u00e9ries et moisissures<br \/>\nFabriqu\u00e9 en Polyur\u00e9thane souple<\/p>\n","protected":false},"featured_media":841,"comment_status":"open","ping_status":"closed","template":"","meta":[],"product_brand":[],"product_cat":[101],"product_tag":[],"class_list":{"0":"post-1582","1":"product","2":"type-product","3":"status-publish","4":"has-post-thumbnail","6":"product_cat-vrac","8":"first","9":"instock","10":"purchasable","11":"product-type-simple"},"_links":{"self":[{"href":"https:\/\/formations.com3elles.org\/ecowhatdev\/particuliers\/wp-json\/wp\/v2\/product\/1582","targetHints":{"allow":["GET"]}}],"collection":[{"href":"https:\/\/formations.com3elles.org\/ecowhatdev\/particuliers\/wp-json\/wp\/v2\/product"}],"about":[{"href":"https:\/\/formations.com3elles.org\/ecowhatdev\/particuliers\/wp-json\/wp\/v2\/types\/product"}],"replies":[{"embeddable":true,"href":"https:\/\/formations.com3elles.org\/ecowhatdev\/particuliers\/wp-json\/wp\/v2\/comments?post=1582"}],"wp:featuredmedia":[{"embeddable":true,"href":"https:\/\/formations.com3elles.org\/ecowhatdev\/particuliers\/wp-json\/wp\/v2\/media\/841"}],"wp:attachment":[{"href":"https:\/\/formations.com3elles.org\/ecowhatdev\/particuliers\/wp-json\/wp\/v2\/media?parent=1582"}],"wp:term":[{"taxonomy":"product_brand","embeddable":true,"href":"https:\/\/formations.com3elles.org\/ecowhatdev\/particuliers\/wp-json\/wp\/v2\/product_brand?post=1582"},{"taxonomy":"product_cat","embeddable":true,"href":"https:\/\/formations.com3elles.org\/ecowhatdev\/particuliers\/wp-json\/wp\/v2\/product_cat?post=1582"},{"taxonomy":"product_tag","embeddable":true,"href":"https:\/\/formations.com3elles.org\/ecowhatdev\/particuliers\/wp-json\/wp\/v2\/product_tag?post=1582"}],"curies":[{"name":"wp","href":"https:\/\/api.w.org\/{rel}","templated":true}]}}